{"id":158,"date":"2024-11-20T11:15:44","date_gmt":"2024-11-20T11:15:44","guid":{"rendered":"https:\/\/impulz.gorillanest.ch\/?page_id=158"},"modified":"2025-05-15T12:10:06","modified_gmt":"2025-05-15T12:10:06","slug":"ueber-mich","status":"publish","type":"page","link":"https:\/\/impulz.gorillanest.ch\/?page_id=158","title":{"rendered":"\u00dcber mich"},"content":{"rendered":"\t\t<div data-elementor-type=\"wp-page\" data-elementor-id=\"158\" class=\"elementor elementor-158\" data-elementor-post-type=\"page\">\n\t\t\t\t<div class=\"elementor-element elementor-element-6ae7f93 e-flex e-con-boxed e-con e-parent\" data-id=\"6ae7f93\" data-element_type=\"container\">\n\t\t\t\t\t<div class=\"e-con-inner\">\n\t\t<div class=\"elementor-element elementor-element-de46a1c e-con-full e-flex e-con e-child\" data-id=\"de46a1c\" data-element_type=\"container\">\n\t\t\t\t<div class=\"elementor-element elementor-element-cf3a2ef elementor-widget elementor-widget-heading\" data-id=\"cf3a2ef\" data-element_type=\"widget\" data-widget_type=\"heading.default\">\n\t\t\t\t<div class=\"elementor-widget-container\">\n\t\t\t\t\t<h1 class=\"elementor-heading-title elementor-size-default\">Tias W\u00fcthrich<\/h1>\t\t\t\t<\/div>\n\t\t\t\t<\/div>\n\t\t\t\t<div class=\"elementor-element elementor-element-22eb106 elementor-widget elementor-widget-text-editor\" data-id=\"22eb106\" data-element_type=\"widget\" data-widget_type=\"text-editor.default\">\n\t\t\t\t<div class=\"elementor-widget-container\">\n\t\t\t\t\t\t\t\t\t<p class=\"\" data-start=\"154\" data-end=\"406\">Ich bin Tias W\u00fcthrich \u2013 Mediamatiker in Ausbildung bei der Webgorilla GmbH und leidenschaftlicher Foto- und Videograf. Seit \u00fcber vier Jahren halte ich mit meiner Kamera besondere Momente fest: authentisch, detailverliebt und technisch auf hohem Niveau.<\/p><p class=\"\" data-start=\"408\" data-end=\"783\">Was als Hobby begann, hat sich schnell zu mehr entwickelt. Heute arbeite ich mit professionellem Equipment und dem n\u00f6tigen Know-how, das auch Profis mitbringen. Durch meine Ausbildung im Bereich Webdesign habe ich zudem ein gutes Gesp\u00fcr f\u00fcr Bildkomposition, Gestaltung und digitale Medien \u2013 ein Vorteil, der meinen Arbeiten eine klare Handschrift verleiht.<\/p><p class=\"\" data-start=\"785\" data-end=\"1010\">Mir ist wichtig, dass meine Kunden sich gut aufgehoben f\u00fchlen. Ich arbeite unkompliziert, zuverl\u00e4ssig und mit echtem Interesse an deinem Projekt. Und auch wenn ich nicht der Lauteste bin \u2013 untersch\u00e4tzen sollte man mich nicht.<\/p><p class=\"\" data-start=\"1012\" data-end=\"1073\">Lass uns gemeinsam Bilder schaffen, die mehr sagen als Worte.<\/p>\t\t\t\t\t\t\t\t<\/div>\n\t\t\t\t<\/div>\n\t\t\t\t<div class=\"elementor-element elementor-element-dbf2da9 CustomBtnblack elementor-widget elementor-widget-button\" data-id=\"dbf2da9\" data-element_type=\"widget\" data-widget_type=\"button.default\">\n\t\t\t\t<div class=\"elementor-widget-container\">\n\t\t\t\t\t\t\t\t\t<div class=\"elementor-button-wrapper\">\n\t\t\t\t\t<a class=\"elementor-button elementor-button-link elementor-size-sm\" href=\"https:\/\/impulz.gorillanest.ch\/anfrage-infos\/\">\n\t\t\t\t\t\t<span class=\"elementor-button-content-wrapper\">\n\t\t\t\t\t\t\t\t\t<span class=\"elementor-button-text\">Lass uns zusammen arbeiten<\/span>\n\t\t\t\t\t<\/span>\n\t\t\t\t\t<\/a>\n\t\t\t\t<\/div>\n\t\t\t\t\t\t\t\t<\/div>\n\t\t\t\t<\/div>\n\t\t\t\t<\/div>\n\t\t<div class=\"elementor-element elementor-element-05e877c e-con-full e-flex e-con e-child\" data-id=\"05e877c\" data-element_type=\"container\">\n\t\t\t\t<div class=\"elementor-element elementor-element-fca3f95 elementor-widget elementor-widget-image\" data-id=\"fca3f95\" data-element_type=\"widget\" data-widget_type=\"image.default\">\n\t\t\t\t<div class=\"elementor-widget-container\">\n\t\t\t\t\t\t\t\t\t\t\t\t\t\t\t<img fetchpriority=\"high\" decoding=\"async\" width=\"800\" height=\"690\" src=\"https:\/\/impulz.gorillanest.ch\/wp-content\/uploads\/2025\/05\/herobild-impulz-1024x883.png\" class=\"attachment-large size-large wp-image-281\" alt=\"Foto- und Videografie by Tias W\u00fcthrich\" srcset=\"https:\/\/impulz.gorillanest.ch\/wp-content\/uploads\/2025\/05\/herobild-impulz-1024x883.png 1024w, https:\/\/impulz.gorillanest.ch\/wp-content\/uploads\/2025\/05\/herobild-impulz-300x259.png 300w, https:\/\/impulz.gorillanest.ch\/wp-content\/uploads\/2025\/05\/herobild-impulz-768x662.png 768w, https:\/\/impulz.gorillanest.ch\/wp-content\/uploads\/2025\/05\/herobild-impulz.png 1536w\" sizes=\"(max-width: 800px) 100vw, 800px\" \/>\t\t\t\t\t\t\t\t\t\t\t\t\t\t\t<\/div>\n\t\t\t\t<\/div>\n\t\t\t\t<\/div>\n\t\t\t\t\t<\/div>\n\t\t\t\t<\/div>\n\t\t\t\t<\/div>\n\t\t","protected":false},"excerpt":{"rendered":"<p>Tias W\u00fcthrich Ich bin Tias W\u00fcthrich \u2013 Mediamatiker in Ausbildung bei der Webgorilla GmbH und leidenschaftlicher Foto- und Videograf. Seit \u00fcber vier Jahren halte ich mit meiner Kamera besondere Momente fest: authentisch, detailverliebt und technisch auf hohem Niveau. Was als Hobby begann, hat sich schnell zu mehr entwickelt. Heute arbeite ich mit professionellem Equipment und [&hellip;]<\/p>\n","protected":false},"author":1,"featured_media":0,"parent":0,"menu_order":0,"comment_status":"closed","ping_status":"closed","template":"","meta":{"_acf_changed":false,"footnotes":""},"class_list":["post-158","page","type-page","status-publish","hentry"],"acf":[],"yoast_head":"<!-- This site is optimized with the Yoast SEO plugin v26.0 - https:\/\/yoast.com\/wordpress\/plugins\/seo\/ -->\n<title>\u00dcber mich - Impulz<\/title>\n<meta name=\"robots\" content=\"index, follow, max-snippet:-1, max-image-preview:large, max-video-preview:-1\" \/>\n<link rel=\"canonical\" href=\"https:\/\/impulz.gorillanest.ch\/?page_id=158\" \/>\n<meta property=\"og:locale\" content=\"de_DE\" \/>\n<meta property=\"og:type\" content=\"article\" \/>\n<meta property=\"og:title\" content=\"\u00dcber mich - Impulz\" \/>\n<meta property=\"og:description\" content=\"Tias W\u00fcthrich Ich bin Tias W\u00fcthrich \u2013 Mediamatiker in Ausbildung bei der Webgorilla GmbH und leidenschaftlicher Foto- und Videograf. Seit \u00fcber vier Jahren halte ich mit meiner Kamera besondere Momente fest: authentisch, detailverliebt und technisch auf hohem Niveau. Was als Hobby begann, hat sich schnell zu mehr entwickelt. Heute arbeite ich mit professionellem Equipment und [&hellip;]\" \/>\n<meta property=\"og:url\" content=\"https:\/\/impulz.gorillanest.ch\/?page_id=158\" \/>\n<meta property=\"og:site_name\" content=\"Impulz\" \/>\n<meta property=\"article:modified_time\" content=\"2025-05-15T12:10:06+00:00\" \/>\n<meta property=\"og:image\" content=\"https:\/\/impulz.gorillanest.ch\/wp-content\/uploads\/2025\/05\/herobild-impulz-1024x883.png\" \/>\n<meta name=\"twitter:card\" content=\"summary_large_image\" \/>\n<meta name=\"twitter:label1\" content=\"Gesch\u00e4tzte Lesezeit\" \/>\n\t<meta name=\"twitter:data1\" content=\"1\u00a0Minute\" \/>\n<script type=\"application\/ld+json\" class=\"yoast-schema-graph\">{\"@context\":\"https:\/\/schema.org\",\"@graph\":[{\"@type\":\"WebPage\",\"@id\":\"https:\/\/impulz.gorillanest.ch\/?page_id=158\",\"url\":\"https:\/\/impulz.gorillanest.ch\/?page_id=158\",\"name\":\"\u00dcber mich - Impulz\",\"isPartOf\":{\"@id\":\"https:\/\/impulz.gorillanest.ch\/#website\"},\"primaryImageOfPage\":{\"@id\":\"https:\/\/impulz.gorillanest.ch\/?page_id=158#primaryimage\"},\"image\":{\"@id\":\"https:\/\/impulz.gorillanest.ch\/?page_id=158#primaryimage\"},\"thumbnailUrl\":\"https:\/\/impulz.gorillanest.ch\/wp-content\/uploads\/2025\/05\/herobild-impulz-1024x883.png\",\"datePublished\":\"2024-11-20T11:15:44+00:00\",\"dateModified\":\"2025-05-15T12:10:06+00:00\",\"breadcrumb\":{\"@id\":\"https:\/\/impulz.gorillanest.ch\/?page_id=158#breadcrumb\"},\"inLanguage\":\"de\",\"potentialAction\":[{\"@type\":\"ReadAction\",\"target\":[\"https:\/\/impulz.gorillanest.ch\/?page_id=158\"]}]},{\"@type\":\"ImageObject\",\"inLanguage\":\"de\",\"@id\":\"https:\/\/impulz.gorillanest.ch\/?page_id=158#primaryimage\",\"url\":\"https:\/\/impulz.gorillanest.ch\/wp-content\/uploads\/2025\/05\/herobild-impulz.png\",\"contentUrl\":\"https:\/\/impulz.gorillanest.ch\/wp-content\/uploads\/2025\/05\/herobild-impulz.png\",\"width\":1536,\"height\":1324,\"caption\":\"Foto- und Videografie by Tias W\u00fcthrich\"},{\"@type\":\"BreadcrumbList\",\"@id\":\"https:\/\/impulz.gorillanest.ch\/?page_id=158#breadcrumb\",\"itemListElement\":[{\"@type\":\"ListItem\",\"position\":1,\"name\":\"Startseite\",\"item\":\"https:\/\/impulz.gorillanest.ch\/\"},{\"@type\":\"ListItem\",\"position\":2,\"name\":\"\u00dcber mich\"}]},{\"@type\":\"WebSite\",\"@id\":\"https:\/\/impulz.gorillanest.ch\/#website\",\"url\":\"https:\/\/impulz.gorillanest.ch\/\",\"name\":\"Impulz\",\"description\":\"Foto- und Videografie\",\"publisher\":{\"@id\":\"https:\/\/impulz.gorillanest.ch\/#organization\"},\"potentialAction\":[{\"@type\":\"SearchAction\",\"target\":{\"@type\":\"EntryPoint\",\"urlTemplate\":\"https:\/\/impulz.gorillanest.ch\/?s={search_term_string}\"},\"query-input\":{\"@type\":\"PropertyValueSpecification\",\"valueRequired\":true,\"valueName\":\"search_term_string\"}}],\"inLanguage\":\"de\"},{\"@type\":\"Organization\",\"@id\":\"https:\/\/impulz.gorillanest.ch\/#organization\",\"name\":\"Impulz\",\"url\":\"https:\/\/impulz.gorillanest.ch\/\",\"logo\":{\"@type\":\"ImageObject\",\"inLanguage\":\"de\",\"@id\":\"https:\/\/impulz.gorillanest.ch\/#\/schema\/logo\/image\/\",\"url\":\"https:\/\/impulz.gorillanest.ch\/wp-content\/uploads\/2024\/11\/favicon-impulz.svg\",\"contentUrl\":\"https:\/\/impulz.gorillanest.ch\/wp-content\/uploads\/2024\/11\/favicon-impulz.svg\",\"width\":285,\"height\":459,\"caption\":\"Impulz\"},\"image\":{\"@id\":\"https:\/\/impulz.gorillanest.ch\/#\/schema\/logo\/image\/\"}}]}<\/script>\n<!-- \/ Yoast SEO plugin. -->","yoast_head_json":{"title":"\u00dcber mich - Impulz","robots":{"index":"index","follow":"follow","max-snippet":"max-snippet:-1","max-image-preview":"max-image-preview:large","max-video-preview":"max-video-preview:-1"},"canonical":"https:\/\/impulz.gorillanest.ch\/?page_id=158","og_locale":"de_DE","og_type":"article","og_title":"\u00dcber mich - Impulz","og_description":"Tias W\u00fcthrich Ich bin Tias W\u00fcthrich \u2013 Mediamatiker in Ausbildung bei der Webgorilla GmbH und leidenschaftlicher Foto- und Videograf. Seit \u00fcber vier Jahren halte ich mit meiner Kamera besondere Momente fest: authentisch, detailverliebt und technisch auf hohem Niveau. Was als Hobby begann, hat sich schnell zu mehr entwickelt. Heute arbeite ich mit professionellem Equipment und [&hellip;]","og_url":"https:\/\/impulz.gorillanest.ch\/?page_id=158","og_site_name":"Impulz","article_modified_time":"2025-05-15T12:10:06+00:00","og_image":[{"url":"https:\/\/impulz.gorillanest.ch\/wp-content\/uploads\/2025\/05\/herobild-impulz-1024x883.png","type":"","width":"","height":""}],"twitter_card":"summary_large_image","twitter_misc":{"Gesch\u00e4tzte Lesezeit":"1\u00a0Minute"},"schema":{"@context":"https:\/\/schema.org","@graph":[{"@type":"WebPage","@id":"https:\/\/impulz.gorillanest.ch\/?page_id=158","url":"https:\/\/impulz.gorillanest.ch\/?page_id=158","name":"\u00dcber mich - Impulz","isPartOf":{"@id":"https:\/\/impulz.gorillanest.ch\/#website"},"primaryImageOfPage":{"@id":"https:\/\/impulz.gorillanest.ch\/?page_id=158#primaryimage"},"image":{"@id":"https:\/\/impulz.gorillanest.ch\/?page_id=158#primaryimage"},"thumbnailUrl":"https:\/\/impulz.gorillanest.ch\/wp-content\/uploads\/2025\/05\/herobild-impulz-1024x883.png","datePublished":"2024-11-20T11:15:44+00:00","dateModified":"2025-05-15T12:10:06+00:00","breadcrumb":{"@id":"https:\/\/impulz.gorillanest.ch\/?page_id=158#breadcrumb"},"inLanguage":"de","potentialAction":[{"@type":"ReadAction","target":["https:\/\/impulz.gorillanest.ch\/?page_id=158"]}]},{"@type":"ImageObject","inLanguage":"de","@id":"https:\/\/impulz.gorillanest.ch\/?page_id=158#primaryimage","url":"https:\/\/impulz.gorillanest.ch\/wp-content\/uploads\/2025\/05\/herobild-impulz.png","contentUrl":"https:\/\/impulz.gorillanest.ch\/wp-content\/uploads\/2025\/05\/herobild-impulz.png","width":1536,"height":1324,"caption":"Foto- und Videografie by Tias W\u00fcthrich"},{"@type":"BreadcrumbList","@id":"https:\/\/impulz.gorillanest.ch\/?page_id=158#breadcrumb","itemListElement":[{"@type":"ListItem","position":1,"name":"Startseite","item":"https:\/\/impulz.gorillanest.ch\/"},{"@type":"ListItem","position":2,"name":"\u00dcber mich"}]},{"@type":"WebSite","@id":"https:\/\/impulz.gorillanest.ch\/#website","url":"https:\/\/impulz.gorillanest.ch\/","name":"Impulz","description":"Foto- und Videografie","publisher":{"@id":"https:\/\/impulz.gorillanest.ch\/#organization"},"potentialAction":[{"@type":"SearchAction","target":{"@type":"EntryPoint","urlTemplate":"https:\/\/impulz.gorillanest.ch\/?s={search_term_string}"},"query-input":{"@type":"PropertyValueSpecification","valueRequired":true,"valueName":"search_term_string"}}],"inLanguage":"de"},{"@type":"Organization","@id":"https:\/\/impulz.gorillanest.ch\/#organization","name":"Impulz","url":"https:\/\/impulz.gorillanest.ch\/","logo":{"@type":"ImageObject","inLanguage":"de","@id":"https:\/\/impulz.gorillanest.ch\/#\/schema\/logo\/image\/","url":"https:\/\/impulz.gorillanest.ch\/wp-content\/uploads\/2024\/11\/favicon-impulz.svg","contentUrl":"https:\/\/impulz.gorillanest.ch\/wp-content\/uploads\/2024\/11\/favicon-impulz.svg","width":285,"height":459,"caption":"Impulz"},"image":{"@id":"https:\/\/impulz.gorillanest.ch\/#\/schema\/logo\/image\/"}}]}},"_links":{"self":[{"href":"https:\/\/impulz.gorillanest.ch\/index.php?rest_route=\/wp\/v2\/pages\/158","targetHints":{"allow":["GET"]}}],"collection":[{"href":"https:\/\/impulz.gorillanest.ch\/index.php?rest_route=\/wp\/v2\/pages"}],"about":[{"href":"https:\/\/impulz.gorillanest.ch\/index.php?rest_route=\/wp\/v2\/types\/page"}],"author":[{"embeddable":true,"href":"https:\/\/impulz.gorillanest.ch\/index.php?rest_route=\/wp\/v2\/users\/1"}],"replies":[{"embeddable":true,"href":"https:\/\/impulz.gorillanest.ch\/index.php?rest_route=%2Fwp%2Fv2%2Fcomments&post=158"}],"version-history":[{"count":11,"href":"https:\/\/impulz.gorillanest.ch\/index.php?rest_route=\/wp\/v2\/pages\/158\/revisions"}],"predecessor-version":[{"id":420,"href":"https:\/\/impulz.gorillanest.ch\/index.php?rest_route=\/wp\/v2\/pages\/158\/revisions\/420"}],"wp:attachment":[{"href":"https:\/\/impulz.gorillanest.ch\/index.php?rest_route=%2Fwp%2Fv2%2Fmedia&parent=158"}],"curies":[{"name":"wp","href":"https:\/\/api.w.org\/{rel}","templated":true}]}}