{"id":10,"date":"2024-11-01T23:21:09","date_gmt":"2024-11-01T23:21:09","guid":{"rendered":"https:\/\/impulz.gorillanest.ch\/?page_id=10"},"modified":"2025-05-19T13:19:19","modified_gmt":"2025-05-19T13:19:19","slug":"foto-und-videografie","status":"publish","type":"page","link":"https:\/\/impulz.gorillanest.ch\/","title":{"rendered":"Home"},"content":{"rendered":"\t\t<div data-elementor-type=\"wp-page\" data-elementor-id=\"10\" class=\"elementor elementor-10\" data-elementor-post-type=\"page\">\n\t\t\t\t<div class=\"elementor-element elementor-element-9d311c0 e-flex e-con-boxed e-con e-parent\" data-id=\"9d311c0\" data-element_type=\"container\" data-settings=\"{&quot;background_background&quot;:&quot;classic&quot;}\">\n\t\t\t\t\t<div class=\"e-con-inner\">\n\t\t<div class=\"elementor-element elementor-element-2ed40f6 e-con-full e-flex e-con e-child\" data-id=\"2ed40f6\" data-element_type=\"container\">\n\t\t\t\t<div class=\"elementor-element elementor-element-4261d9e elementor-widget elementor-widget-heading\" data-id=\"4261d9e\" data-element_type=\"widget\" data-widget_type=\"heading.default\">\n\t\t\t\t<div class=\"elementor-widget-container\">\n\t\t\t\t\t<h1 class=\"elementor-heading-title elementor-size-default\">Foto- und Videografie mit Impulz.<\/h1>\t\t\t\t<\/div>\n\t\t\t\t<\/div>\n\t\t\t\t<div class=\"elementor-element elementor-element-98fad1e elementor-widget elementor-widget-text-editor\" data-id=\"98fad1e\" data-element_type=\"widget\" data-widget_type=\"text-editor.default\">\n\t\t\t\t<div class=\"elementor-widget-container\">\n\t\t\t\t\t\t\t\t\t<p class=\"\" data-start=\"126\" data-end=\"446\">Ich bin Mediamatiker im 3. Lehrjahr bei der <a href=\"https:\/\/webgorilla.ch\">Webgorilla GmbH<\/a> und habe mich auf hochwertige Foto- und Videografie spezialisiert. Was als Leidenschaft begonnen hat, ist heute ein professionelles Angebot f\u00fcr alle, die visuell \u00fcberzeugen m\u00f6chten \u2013 sei es im Business-Bereich, f\u00fcr Social Media, Events oder private Projekte.<\/p><p class=\"\" data-start=\"448\" data-end=\"690\">Mit dem n\u00f6tigen Know-how, modernem Equipment und einem Blick f\u00fcrs Detail liefere ich dir starke Bilder und Videos \u2013 zu einem fairen Preis, aber ohne Kompromisse bei der Qualit\u00e4t. Direkt, zuverl\u00e4ssig und mit echtem Interesse an deinem Projekt.<\/p>\t\t\t\t\t\t\t\t<\/div>\n\t\t\t\t<\/div>\n\t\t<div class=\"elementor-element elementor-element-50c2822 e-con-full e-flex e-con e-child\" data-id=\"50c2822\" data-element_type=\"container\">\n\t\t\t\t<div class=\"elementor-element elementor-element-c32d038 CustomBtnblack elementor-widget elementor-widget-button\" data-id=\"c32d038\" data-element_type=\"widget\" data-widget_type=\"button.default\">\n\t\t\t\t<div class=\"elementor-widget-container\">\n\t\t\t\t\t\t\t\t\t<div class=\"elementor-button-wrapper\">\n\t\t\t\t\t<a class=\"elementor-button elementor-button-link elementor-size-sm\" href=\"https:\/\/impulz.gorillanest.ch\/anfrage-infos\/\">\n\t\t\t\t\t\t<span class=\"elementor-button-content-wrapper\">\n\t\t\t\t\t\t\t\t\t<span class=\"elementor-button-text\">Jetzt anfragen<\/span>\n\t\t\t\t\t<\/span>\n\t\t\t\t\t<\/a>\n\t\t\t\t<\/div>\n\t\t\t\t\t\t\t\t<\/div>\n\t\t\t\t<\/div>\n\t\t\t\t<div class=\"elementor-element elementor-element-f8c526d elementor-widget elementor-widget-button\" data-id=\"f8c526d\" data-element_type=\"widget\" data-widget_type=\"button.default\">\n\t\t\t\t<div class=\"elementor-widget-container\">\n\t\t\t\t\t\t\t\t\t<div class=\"elementor-button-wrapper\">\n\t\t\t\t\t<a class=\"elementor-button elementor-button-link elementor-size-sm\" href=\"https:\/\/impulz.gorillanest.ch\/ueber-mich\/\">\n\t\t\t\t\t\t<span class=\"elementor-button-content-wrapper\">\n\t\t\t\t\t\t\t\t\t<span class=\"elementor-button-text\">\u00dcber mich<\/span>\n\t\t\t\t\t<\/span>\n\t\t\t\t\t<\/a>\n\t\t\t\t<\/div>\n\t\t\t\t\t\t\t\t<\/div>\n\t\t\t\t<\/div>\n\t\t\t\t<\/div>\n\t\t\t\t<\/div>\n\t\t<div class=\"elementor-element elementor-element-6ed4f6a e-con-full e-flex e-con e-child\" data-id=\"6ed4f6a\" data-element_type=\"container\">\n\t\t\t\t<div class=\"elementor-element elementor-element-e7c87ee elementor-widget elementor-widget-image\" data-id=\"e7c87ee\" data-element_type=\"widget\" data-widget_type=\"image.default\">\n\t\t\t\t<div class=\"elementor-widget-container\">\n\t\t\t\t\t\t\t\t\t\t\t\t\t\t\t<img fetchpriority=\"high\" decoding=\"async\" width=\"800\" height=\"461\" src=\"https:\/\/impulz.gorillanest.ch\/wp-content\/uploads\/2025\/05\/herobild-impulz-1024x883-2-1024x590.png\" class=\"attachment-large size-large wp-image-430\" alt=\"\" srcset=\"https:\/\/impulz.gorillanest.ch\/wp-content\/uploads\/2025\/05\/herobild-impulz-1024x883-2-1024x590.png 1024w, https:\/\/impulz.gorillanest.ch\/wp-content\/uploads\/2025\/05\/herobild-impulz-1024x883-2-300x173.png 300w, https:\/\/impulz.gorillanest.ch\/wp-content\/uploads\/2025\/05\/herobild-impulz-1024x883-2-768x443.png 768w, https:\/\/impulz.gorillanest.ch\/wp-content\/uploads\/2025\/05\/herobild-impulz-1024x883-2.png 1317w\" sizes=\"(max-width: 800px) 100vw, 800px\" \/>\t\t\t\t\t\t\t\t\t\t\t\t\t\t\t<\/div>\n\t\t\t\t<\/div>\n\t\t\t\t<\/div>\n\t\t\t\t\t<\/div>\n\t\t\t\t<\/div>\n\t\t<div class=\"elementor-element elementor-element-71f26af e-con-full e-flex e-con e-parent\" data-id=\"71f26af\" data-element_type=\"container\" data-settings=\"{&quot;background_background&quot;:&quot;classic&quot;}\">\n\t\t<div class=\"elementor-element elementor-element-583eee8 e-con-full e-flex e-con e-child\" data-id=\"583eee8\" data-element_type=\"container\" data-settings=\"{&quot;background_background&quot;:&quot;classic&quot;}\">\n\t\t\t\t<div class=\"elementor-element elementor-element-d7ad8e8 elementor-widget elementor-widget-heading\" data-id=\"d7ad8e8\" data-element_type=\"widget\" data-widget_type=\"heading.default\">\n\t\t\t\t<div class=\"elementor-widget-container\">\n\t\t\t\t\t<h3 class=\"elementor-heading-title elementor-size-default\">About<\/h3>\t\t\t\t<\/div>\n\t\t\t\t<\/div>\n\t\t\t\t<div class=\"elementor-element elementor-element-3686c28 elementor-widget elementor-widget-heading\" data-id=\"3686c28\" data-element_type=\"widget\" data-widget_type=\"heading.default\">\n\t\t\t\t<div class=\"elementor-widget-container\">\n\t\t\t\t\t<h2 class=\"elementor-heading-title elementor-size-default\">\u00dcber mich<\/h2>\t\t\t\t<\/div>\n\t\t\t\t<\/div>\n\t\t\t\t<div class=\"elementor-element elementor-element-6b703cd elementor-widget elementor-widget-text-editor\" data-id=\"6b703cd\" data-element_type=\"widget\" data-widget_type=\"text-editor.default\">\n\t\t\t\t<div class=\"elementor-widget-container\">\n\t\t\t\t\t\t\t\t\t<p>Lerne mich kennen und lasse dich von meiner Arbeit im Bereich Foto- und Videografie \u00fcberzeugen, bevor wir unsere Zusammenarbeit starten.<\/p>\t\t\t\t\t\t\t\t<\/div>\n\t\t\t\t<\/div>\n\t\t\t\t<div class=\"elementor-element elementor-element-aa7bb1f CustomBtn elementor-widget elementor-widget-button\" data-id=\"aa7bb1f\" data-element_type=\"widget\" data-widget_type=\"button.default\">\n\t\t\t\t<div class=\"elementor-widget-container\">\n\t\t\t\t\t\t\t\t\t<div class=\"elementor-button-wrapper\">\n\t\t\t\t\t<a class=\"elementor-button elementor-button-link elementor-size-sm\" href=\"https:\/\/impulz.gorillanest.ch\/ueber-mich\/\">\n\t\t\t\t\t\t<span class=\"elementor-button-content-wrapper\">\n\t\t\t\t\t\t\t\t\t<span class=\"elementor-button-text\">Kennenlernen<\/span>\n\t\t\t\t\t<\/span>\n\t\t\t\t\t<\/a>\n\t\t\t\t<\/div>\n\t\t\t\t\t\t\t\t<\/div>\n\t\t\t\t<\/div>\n\t\t\t\t<\/div>\n\t\t<div class=\"elementor-element elementor-element-f2a690a e-con-full e-flex e-con e-child\" data-id=\"f2a690a\" data-element_type=\"container\" data-settings=\"{&quot;background_background&quot;:&quot;classic&quot;}\">\n\t\t\t\t<div class=\"elementor-element elementor-element-5816fa5 elementor-widget elementor-widget-heading\" data-id=\"5816fa5\" data-element_type=\"widget\" data-widget_type=\"heading.default\">\n\t\t\t\t<div class=\"elementor-widget-container\">\n\t\t\t\t\t<h3 class=\"elementor-heading-title elementor-size-default\">Buchung &amp; infos<\/h3>\t\t\t\t<\/div>\n\t\t\t\t<\/div>\n\t\t\t\t<div class=\"elementor-element elementor-element-22cd511 elementor-widget elementor-widget-heading\" data-id=\"22cd511\" data-element_type=\"widget\" data-widget_type=\"heading.default\">\n\t\t\t\t<div class=\"elementor-widget-container\">\n\t\t\t\t\t<h2 class=\"elementor-heading-title elementor-size-default\">Foto- und Videografie Anfragen<\/h2>\t\t\t\t<\/div>\n\t\t\t\t<\/div>\n\t\t\t\t<div class=\"elementor-element elementor-element-48bc746 elementor-widget elementor-widget-text-editor\" data-id=\"48bc746\" data-element_type=\"widget\" data-widget_type=\"text-editor.default\">\n\t\t\t\t<div class=\"elementor-widget-container\">\n\t\t\t\t\t\t\t\t\t<p>Du hast ein Projekt im Kopf und bereits eine Vision, wie die Umsetzung aussehen sollte? Dann nehme jetzt Kontakt mit mir auf und erlebe, wie dein Impuls zum Leben erweckt wird!<\/p>\t\t\t\t\t\t\t\t<\/div>\n\t\t\t\t<\/div>\n\t\t\t\t<div class=\"elementor-element elementor-element-a4ef459 CustomBtn elementor-widget elementor-widget-button\" data-id=\"a4ef459\" data-element_type=\"widget\" data-widget_type=\"button.default\">\n\t\t\t\t<div class=\"elementor-widget-container\">\n\t\t\t\t\t\t\t\t\t<div class=\"elementor-button-wrapper\">\n\t\t\t\t\t<a class=\"elementor-button elementor-button-link elementor-size-sm\" href=\"https:\/\/impulz.gorillanest.ch\/anfrage-infos\/\">\n\t\t\t\t\t\t<span class=\"elementor-button-content-wrapper\">\n\t\t\t\t\t\t\t\t\t<span class=\"elementor-button-text\">Loslegen<\/span>\n\t\t\t\t\t<\/span>\n\t\t\t\t\t<\/a>\n\t\t\t\t<\/div>\n\t\t\t\t\t\t\t\t<\/div>\n\t\t\t\t<\/div>\n\t\t\t\t<\/div>\n\t\t\t\t<\/div>\n\t\t<div class=\"elementor-element elementor-element-e5b7417 e-flex e-con-boxed e-con e-parent\" data-id=\"e5b7417\" data-element_type=\"container\">\n\t\t\t\t\t<div class=\"e-con-inner\">\n\t\t<div class=\"elementor-element elementor-element-559dfcc e-con-full e-flex e-con e-child\" data-id=\"559dfcc\" data-element_type=\"container\">\n\t\t<div class=\"elementor-element elementor-element-7f25235 e-con-full e-flex e-con e-child\" data-id=\"7f25235\" data-element_type=\"container\">\n\t\t\t\t<div class=\"elementor-element elementor-element-ade346a elementor-widget elementor-widget-heading\" data-id=\"ade346a\" data-element_type=\"widget\" data-widget_type=\"heading.default\">\n\t\t\t\t<div class=\"elementor-widget-container\">\n\t\t\t\t\t<h2 class=\"elementor-heading-title elementor-size-default\">Entdecke mein Portfolio.<\/h2>\t\t\t\t<\/div>\n\t\t\t\t<\/div>\n\t\t\t\t<\/div>\n\t\t<div class=\"elementor-element elementor-element-b9ff742 e-con-full e-flex e-con e-child\" data-id=\"b9ff742\" data-element_type=\"container\">\n\t\t\t\t<div class=\"elementor-element elementor-element-10fadec elementor-widget elementor-widget-text-editor\" data-id=\"10fadec\" data-element_type=\"widget\" data-widget_type=\"text-editor.default\">\n\t\t\t\t<div class=\"elementor-widget-container\">\n\t\t\t\t\t\t\t\t\t<p>Aus Impulsen entstehen Ideen, welche dann in kreative Werke umgesetzt werden. Nach diesem Prinzip besch\u00e4ftige ich mich seit 4 Jahren mit der Erstellung von Inhalten, die Emotionen ausl\u00f6sen. Aber Bilder sagen mehr als 1000 Worte &#8211; schau dir deshalb gerne mein Portfolio an.<\/p>\t\t\t\t\t\t\t\t<\/div>\n\t\t\t\t<\/div>\n\t\t\t\t<div class=\"elementor-element elementor-element-f754ce3 CustomBtnblack elementor-widget elementor-widget-button\" data-id=\"f754ce3\" data-element_type=\"widget\" data-widget_type=\"button.default\">\n\t\t\t\t<div class=\"elementor-widget-container\">\n\t\t\t\t\t\t\t\t\t<div class=\"elementor-button-wrapper\">\n\t\t\t\t\t<a class=\"elementor-button elementor-button-link elementor-size-sm\" href=\"https:\/\/impulz.gorillanest.ch\/portfolio\/\">\n\t\t\t\t\t\t<span class=\"elementor-button-content-wrapper\">\n\t\t\t\t\t\t\t\t\t<span class=\"elementor-button-text\">Portfolio anschauen<\/span>\n\t\t\t\t\t<\/span>\n\t\t\t\t\t<\/a>\n\t\t\t\t<\/div>\n\t\t\t\t\t\t\t\t<\/div>\n\t\t\t\t<\/div>\n\t\t\t\t<\/div>\n\t\t\t\t<\/div>\n\t\t<div class=\"elementor-element elementor-element-c1aa5ec e-con-full elementor-hidden-mobile e-flex e-con e-child\" data-id=\"c1aa5ec\" data-element_type=\"container\">\n\t\t<div class=\"elementor-element elementor-element-eabb1c2 e-con-full e-flex e-con e-child\" data-id=\"eabb1c2\" data-element_type=\"container\" data-settings=\"{&quot;background_background&quot;:&quot;classic&quot;}\">\n\t\t\t\t<\/div>\n\t\t<div class=\"elementor-element elementor-element-f004485 e-con-full e-flex e-con e-child\" data-id=\"f004485\" data-element_type=\"container\" data-settings=\"{&quot;background_background&quot;:&quot;classic&quot;}\">\n\t\t\t\t<\/div>\n\t\t<div class=\"elementor-element elementor-element-bdf4e1c e-con-full e-flex e-con e-child\" data-id=\"bdf4e1c\" data-element_type=\"container\" data-settings=\"{&quot;background_background&quot;:&quot;classic&quot;}\">\n\t\t\t\t<\/div>\n\t\t<div class=\"elementor-element elementor-element-b5da863 e-con-full e-flex e-con e-child\" data-id=\"b5da863\" data-element_type=\"container\" data-settings=\"{&quot;background_background&quot;:&quot;classic&quot;}\">\n\t\t\t\t<\/div>\n\t\t\t\t<\/div>\n\t\t\t\t\t<\/div>\n\t\t\t\t<\/div>\n\t\t\t\t<\/div>\n\t\t","protected":false},"excerpt":{"rendered":"<p>Foto- und Videografie mit Impulz. Ich bin Mediamatiker im 3. Lehrjahr bei der Webgorilla GmbH und habe mich auf hochwertige Foto- und Videografie spezialisiert. Was als Leidenschaft begonnen hat, ist heute ein professionelles Angebot f\u00fcr alle, die visuell \u00fcberzeugen m\u00f6chten \u2013 sei es im Business-Bereich, f\u00fcr Social Media, Events oder private Projekte. Mit dem n\u00f6tigen [&hellip;]<\/p>\n","protected":false},"author":1,"featured_media":0,"parent":0,"menu_order":0,"comment_status":"closed","ping_status":"closed","template":"","meta":{"_acf_changed":false,"footnotes":""},"class_list":["post-10","page","type-page","status-publish","hentry"],"acf":[],"yoast_head":"<!-- This site is optimized with the Yoast SEO plugin v26.0 - https:\/\/yoast.com\/wordpress\/plugins\/seo\/ -->\n<title>Foto- und Videografie - Impulz<\/title>\n<meta name=\"description\" content=\"Foto- und Videografie in Z\u00fcrich und Umgebung. Kreativ, zuverl\u00e4ssig und zu fairen Preisen \u2013 f\u00fcr Unternehmen und Privatpersonen.\" \/>\n<meta name=\"robots\" content=\"index, follow, max-snippet:-1, max-image-preview:large, max-video-preview:-1\" \/>\n<link rel=\"canonical\" href=\"https:\/\/impulz.gorillanest.ch\/\" \/>\n<meta property=\"og:locale\" content=\"de_DE\" \/>\n<meta property=\"og:type\" content=\"article\" \/>\n<meta property=\"og:title\" content=\"Foto- und Videografie - Impulz\" \/>\n<meta property=\"og:description\" content=\"Foto- und Videografie in Z\u00fcrich und Umgebung. Kreativ, zuverl\u00e4ssig und zu fairen Preisen \u2013 f\u00fcr Unternehmen und Privatpersonen.\" \/>\n<meta property=\"og:url\" content=\"https:\/\/impulz.gorillanest.ch\/\" \/>\n<meta property=\"og:site_name\" content=\"Impulz\" \/>\n<meta property=\"article:modified_time\" content=\"2025-05-19T13:19:19+00:00\" \/>\n<meta property=\"og:image\" content=\"https:\/\/impulz.gorillanest.ch\/wp-content\/uploads\/2025\/05\/herobild-impulz-1024x883-2-1024x590.png\" \/>\n<meta name=\"twitter:card\" content=\"summary_large_image\" \/>\n<meta name=\"twitter:label1\" content=\"Gesch\u00e4tzte Lesezeit\" \/>\n\t<meta name=\"twitter:data1\" content=\"2\u00a0Minuten\" \/>\n<script type=\"application\/ld+json\" class=\"yoast-schema-graph\">{\"@context\":\"https:\/\/schema.org\",\"@graph\":[{\"@type\":\"WebPage\",\"@id\":\"https:\/\/impulz.gorillanest.ch\/\",\"url\":\"https:\/\/impulz.gorillanest.ch\/\",\"name\":\"Foto- und Videografie - Impulz\",\"isPartOf\":{\"@id\":\"https:\/\/impulz.gorillanest.ch\/#website\"},\"primaryImageOfPage\":{\"@id\":\"https:\/\/impulz.gorillanest.ch\/#primaryimage\"},\"image\":{\"@id\":\"https:\/\/impulz.gorillanest.ch\/#primaryimage\"},\"thumbnailUrl\":\"https:\/\/impulz.gorillanest.ch\/wp-content\/uploads\/2025\/05\/herobild-impulz-1024x883-2-1024x590.png\",\"datePublished\":\"2024-11-01T23:21:09+00:00\",\"dateModified\":\"2025-05-19T13:19:19+00:00\",\"description\":\"Foto- und Videografie in Z\u00fcrich und Umgebung. Kreativ, zuverl\u00e4ssig und zu fairen Preisen \u2013 f\u00fcr Unternehmen und Privatpersonen.\",\"breadcrumb\":{\"@id\":\"https:\/\/impulz.gorillanest.ch\/#breadcrumb\"},\"inLanguage\":\"de\",\"potentialAction\":[{\"@type\":\"ReadAction\",\"target\":[\"https:\/\/impulz.gorillanest.ch\/\"]}]},{\"@type\":\"ImageObject\",\"inLanguage\":\"de\",\"@id\":\"https:\/\/impulz.gorillanest.ch\/#primaryimage\",\"url\":\"https:\/\/impulz.gorillanest.ch\/wp-content\/uploads\/2025\/05\/herobild-impulz-1024x883-2.png\",\"contentUrl\":\"https:\/\/impulz.gorillanest.ch\/wp-content\/uploads\/2025\/05\/herobild-impulz-1024x883-2.png\",\"width\":1317,\"height\":759},{\"@type\":\"BreadcrumbList\",\"@id\":\"https:\/\/impulz.gorillanest.ch\/#breadcrumb\",\"itemListElement\":[{\"@type\":\"ListItem\",\"position\":1,\"name\":\"Startseite\",\"item\":\"https:\/\/impulz.gorillanest.ch\/\"},{\"@type\":\"ListItem\",\"position\":2,\"name\":\"Home\"}]},{\"@type\":\"WebSite\",\"@id\":\"https:\/\/impulz.gorillanest.ch\/#website\",\"url\":\"https:\/\/impulz.gorillanest.ch\/\",\"name\":\"Impulz\",\"description\":\"Foto- und Videografie\",\"publisher\":{\"@id\":\"https:\/\/impulz.gorillanest.ch\/#organization\"},\"potentialAction\":[{\"@type\":\"SearchAction\",\"target\":{\"@type\":\"EntryPoint\",\"urlTemplate\":\"https:\/\/impulz.gorillanest.ch\/?s={search_term_string}\"},\"query-input\":{\"@type\":\"PropertyValueSpecification\",\"valueRequired\":true,\"valueName\":\"search_term_string\"}}],\"inLanguage\":\"de\"},{\"@type\":\"Organization\",\"@id\":\"https:\/\/impulz.gorillanest.ch\/#organization\",\"name\":\"Impulz\",\"url\":\"https:\/\/impulz.gorillanest.ch\/\",\"logo\":{\"@type\":\"ImageObject\",\"inLanguage\":\"de\",\"@id\":\"https:\/\/impulz.gorillanest.ch\/#\/schema\/logo\/image\/\",\"url\":\"https:\/\/impulz.gorillanest.ch\/wp-content\/uploads\/2024\/11\/favicon-impulz.svg\",\"contentUrl\":\"https:\/\/impulz.gorillanest.ch\/wp-content\/uploads\/2024\/11\/favicon-impulz.svg\",\"width\":285,\"height\":459,\"caption\":\"Impulz\"},\"image\":{\"@id\":\"https:\/\/impulz.gorillanest.ch\/#\/schema\/logo\/image\/\"}}]}<\/script>\n<!-- \/ Yoast SEO plugin. -->","yoast_head_json":{"title":"Foto- und Videografie - Impulz","description":"Foto- und Videografie in Z\u00fcrich und Umgebung. Kreativ, zuverl\u00e4ssig und zu fairen Preisen \u2013 f\u00fcr Unternehmen und Privatpersonen.","robots":{"index":"index","follow":"follow","max-snippet":"max-snippet:-1","max-image-preview":"max-image-preview:large","max-video-preview":"max-video-preview:-1"},"canonical":"https:\/\/impulz.gorillanest.ch\/","og_locale":"de_DE","og_type":"article","og_title":"Foto- und Videografie - Impulz","og_description":"Foto- und Videografie in Z\u00fcrich und Umgebung. Kreativ, zuverl\u00e4ssig und zu fairen Preisen \u2013 f\u00fcr Unternehmen und Privatpersonen.","og_url":"https:\/\/impulz.gorillanest.ch\/","og_site_name":"Impulz","article_modified_time":"2025-05-19T13:19:19+00:00","og_image":[{"url":"https:\/\/impulz.gorillanest.ch\/wp-content\/uploads\/2025\/05\/herobild-impulz-1024x883-2-1024x590.png","type":"","width":"","height":""}],"twitter_card":"summary_large_image","twitter_misc":{"Gesch\u00e4tzte Lesezeit":"2\u00a0Minuten"},"schema":{"@context":"https:\/\/schema.org","@graph":[{"@type":"WebPage","@id":"https:\/\/impulz.gorillanest.ch\/","url":"https:\/\/impulz.gorillanest.ch\/","name":"Foto- und Videografie - Impulz","isPartOf":{"@id":"https:\/\/impulz.gorillanest.ch\/#website"},"primaryImageOfPage":{"@id":"https:\/\/impulz.gorillanest.ch\/#primaryimage"},"image":{"@id":"https:\/\/impulz.gorillanest.ch\/#primaryimage"},"thumbnailUrl":"https:\/\/impulz.gorillanest.ch\/wp-content\/uploads\/2025\/05\/herobild-impulz-1024x883-2-1024x590.png","datePublished":"2024-11-01T23:21:09+00:00","dateModified":"2025-05-19T13:19:19+00:00","description":"Foto- und Videografie in Z\u00fcrich und Umgebung. Kreativ, zuverl\u00e4ssig und zu fairen Preisen \u2013 f\u00fcr Unternehmen und Privatpersonen.","breadcrumb":{"@id":"https:\/\/impulz.gorillanest.ch\/#breadcrumb"},"inLanguage":"de","potentialAction":[{"@type":"ReadAction","target":["https:\/\/impulz.gorillanest.ch\/"]}]},{"@type":"ImageObject","inLanguage":"de","@id":"https:\/\/impulz.gorillanest.ch\/#primaryimage","url":"https:\/\/impulz.gorillanest.ch\/wp-content\/uploads\/2025\/05\/herobild-impulz-1024x883-2.png","contentUrl":"https:\/\/impulz.gorillanest.ch\/wp-content\/uploads\/2025\/05\/herobild-impulz-1024x883-2.png","width":1317,"height":759},{"@type":"BreadcrumbList","@id":"https:\/\/impulz.gorillanest.ch\/#breadcrumb","itemListElement":[{"@type":"ListItem","position":1,"name":"Startseite","item":"https:\/\/impulz.gorillanest.ch\/"},{"@type":"ListItem","position":2,"name":"Home"}]},{"@type":"WebSite","@id":"https:\/\/impulz.gorillanest.ch\/#website","url":"https:\/\/impulz.gorillanest.ch\/","name":"Impulz","description":"Foto- und Videografie","publisher":{"@id":"https:\/\/impulz.gorillanest.ch\/#organization"},"potentialAction":[{"@type":"SearchAction","target":{"@type":"EntryPoint","urlTemplate":"https:\/\/impulz.gorillanest.ch\/?s={search_term_string}"},"query-input":{"@type":"PropertyValueSpecification","valueRequired":true,"valueName":"search_term_string"}}],"inLanguage":"de"},{"@type":"Organization","@id":"https:\/\/impulz.gorillanest.ch\/#organization","name":"Impulz","url":"https:\/\/impulz.gorillanest.ch\/","logo":{"@type":"ImageObject","inLanguage":"de","@id":"https:\/\/impulz.gorillanest.ch\/#\/schema\/logo\/image\/","url":"https:\/\/impulz.gorillanest.ch\/wp-content\/uploads\/2024\/11\/favicon-impulz.svg","contentUrl":"https:\/\/impulz.gorillanest.ch\/wp-content\/uploads\/2024\/11\/favicon-impulz.svg","width":285,"height":459,"caption":"Impulz"},"image":{"@id":"https:\/\/impulz.gorillanest.ch\/#\/schema\/logo\/image\/"}}]}},"_links":{"self":[{"href":"https:\/\/impulz.gorillanest.ch\/index.php?rest_route=\/wp\/v2\/pages\/10","targetHints":{"allow":["GET"]}}],"collection":[{"href":"https:\/\/impulz.gorillanest.ch\/index.php?rest_route=\/wp\/v2\/pages"}],"about":[{"href":"https:\/\/impulz.gorillanest.ch\/index.php?rest_route=\/wp\/v2\/types\/page"}],"author":[{"embeddable":true,"href":"https:\/\/impulz.gorillanest.ch\/index.php?rest_route=\/wp\/v2\/users\/1"}],"replies":[{"embeddable":true,"href":"https:\/\/impulz.gorillanest.ch\/index.php?rest_route=%2Fwp%2Fv2%2Fcomments&post=10"}],"version-history":[{"count":130,"href":"https:\/\/impulz.gorillanest.ch\/index.php?rest_route=\/wp\/v2\/pages\/10\/revisions"}],"predecessor-version":[{"id":439,"href":"https:\/\/impulz.gorillanest.ch\/index.php?rest_route=\/wp\/v2\/pages\/10\/revisions\/439"}],"wp:attachment":[{"href":"https:\/\/impulz.gorillanest.ch\/index.php?rest_route=%2Fwp%2Fv2%2Fmedia&parent=10"}],"curies":[{"name":"wp","href":"https:\/\/api.w.org\/{rel}","templated":true}]}}